{"id":1310,"date":"2024-02-16T00:13:42","date_gmt":"2024-02-16T00:13:42","guid":{"rendered":"https:\/\/profusamedica.com\/?page_id=1310"},"modified":"2024-02-19T15:58:22","modified_gmt":"2024-02-19T15:58:22","slug":"clinicas-copy","status":"publish","type":"page","link":"https:\/\/profusamedica.com\/?page_id=1310","title":{"rendered":"Clinicas &#8211; Copy"},"content":{"rendered":"\t\t<div data-elementor-type=\"wp-page\" data-elementor-id=\"1310\" class=\"elementor elementor-1310\" data-elementor-post-type=\"page\">\n\t\t\t\t\t\t<section class=\"elementor-section elementor-top-section elementor-element elementor-element-45f5ff8b elementor-section-boxed elementor-section-height-default elementor-section-height-default wpr-particle-no wpr-jarallax-no wpr-parallax-no wpr-sticky-section-no wpr-equal-height-no\" data-id=\"45f5ff8b\" data-element_type=\"section\" data-e-type=\"section\" data-settings=\"{&quot;background_background&quot;:&quot;classic&quot;}\">\n\t\t\t\t\t\t<div class=\"elementor-container elementor-column-gap-default\">\n\t\t\t\t\t<div class=\"elementor-column elementor-col-33 elementor-top-column elementor-element elementor-element-7c25839c\" data-id=\"7c25839c\" data-element_type=\"column\" data-e-type=\"column\">\n\t\t\t<div class=\"elementor-widget-wrap elementor-element-populated\">\n\t\t\t\t\t\t<div class=\"elementor-element elementor-element-54144397 elementor-widget-divider--view-line elementor-widget elementor-widget-divider\" data-id=\"54144397\" data-element_type=\"widget\" data-e-type=\"widget\" data-widget_type=\"divider.default\">\n\t\t\t\t<div class=\"elementor-widget-container\">\n\t\t\t\t\t\t\t<div class=\"elementor-divider\">\n\t\t\t<span class=\"elementor-divider-separator\">\n\t\t\t\t\t\t<\/span>\n\t\t<\/div>\n\t\t\t\t\t\t<\/div>\n\t\t\t\t<\/div>\n\t\t\t\t\t<\/div>\n\t\t<\/div>\n\t\t\t\t<div class=\"elementor-column elementor-col-33 elementor-top-column elementor-element elementor-element-7d6e66d2\" data-id=\"7d6e66d2\" data-element_type=\"column\" data-e-type=\"column\">\n\t\t\t<div class=\"elementor-widget-wrap elementor-element-populated\">\n\t\t\t\t\t\t<div class=\"elementor-element elementor-element-38f0d395 elementor-widget elementor-widget-heading\" data-id=\"38f0d395\" data-element_type=\"widget\" data-e-type=\"widget\" data-widget_type=\"heading.default\">\n\t\t\t\t<div class=\"elementor-widget-container\">\n\t\t\t\t\t<h2 class=\"elementor-heading-title elementor-size-default\">Cl\u00ednicas para grupos m\u00e9dicos desde 125 m2\n<\/h2>\t\t\t\t<\/div>\n\t\t\t\t<\/div>\n\t\t\t\t\t<\/div>\n\t\t<\/div>\n\t\t\t\t<div class=\"elementor-column elementor-col-33 elementor-top-column elementor-element elementor-element-dc020b1\" data-id=\"dc020b1\" data-element_type=\"column\" data-e-type=\"column\">\n\t\t\t<div class=\"elementor-widget-wrap elementor-element-populated\">\n\t\t\t\t\t\t<div class=\"elementor-element elementor-element-742cf9ef elementor-widget-divider--view-line elementor-widget elementor-widget-divider\" data-id=\"742cf9ef\" data-element_type=\"widget\" data-e-type=\"widget\" data-widget_type=\"divider.default\">\n\t\t\t\t<div class=\"elementor-widget-container\">\n\t\t\t\t\t\t\t<div class=\"elementor-divider\">\n\t\t\t<span class=\"elementor-divider-separator\">\n\t\t\t\t\t\t<\/span>\n\t\t<\/div>\n\t\t\t\t\t\t<\/div>\n\t\t\t\t<\/div>\n\t\t\t\t\t<\/div>\n\t\t<\/div>\n\t\t\t\t\t<\/div>\n\t\t<\/section>\n\t\t\t\t<section class=\"elementor-section elementor-top-section elementor-element elementor-element-52123d0 elementor-section-boxed elementor-section-height-default elementor-section-height-default wpr-particle-no wpr-jarallax-no wpr-parallax-no wpr-sticky-section-no wpr-equal-height-no\" data-id=\"52123d0\" data-element_type=\"section\" data-e-type=\"section\">\n\t\t\t\t\t\t<div class=\"elementor-container elementor-column-gap-default\">\n\t\t\t\t\t<div class=\"elementor-column elementor-col-50 elementor-top-column elementor-element elementor-element-27498860\" data-id=\"27498860\" data-element_type=\"column\" data-e-type=\"column\">\n\t\t\t<div class=\"elementor-widget-wrap elementor-element-populated\">\n\t\t\t\t\t\t<div class=\"elementor-element elementor-element-608432ac elementor-widget elementor-widget-image\" data-id=\"608432ac\" data-element_type=\"widget\" data-e-type=\"widget\" data-widget_type=\"image.default\">\n\t\t\t\t<div class=\"elementor-widget-container\">\n\t\t\t\t\t\t\t\t\t\t\t\t\t\t\t<img fetchpriority=\"high\" decoding=\"async\" width=\"960\" height=\"720\" src=\"https:\/\/profusamedica.com\/wp-content\/uploads\/2024\/02\/CONSULTORIO02-1024x768.jpg\" class=\"attachment-large size-large wp-image-1322\" alt=\"\" srcset=\"https:\/\/profusamedica.com\/wp-content\/uploads\/2024\/02\/CONSULTORIO02-1024x768.jpg 1024w, https:\/\/profusamedica.com\/wp-content\/uploads\/2024\/02\/CONSULTORIO02-300x225.jpg 300w, https:\/\/profusamedica.com\/wp-content\/uploads\/2024\/02\/CONSULTORIO02-768x576.jpg 768w, https:\/\/profusamedica.com\/wp-content\/uploads\/2024\/02\/CONSULTORIO02-1536x1152.jpg 1536w, https:\/\/profusamedica.com\/wp-content\/uploads\/2024\/02\/CONSULTORIO02.jpg 1600w\" sizes=\"(max-width: 960px) 100vw, 960px\" \/>\t\t\t\t\t\t\t\t\t\t\t\t\t\t\t<\/div>\n\t\t\t\t<\/div>\n\t\t\t\t\t<\/div>\n\t\t<\/div>\n\t\t\t\t<div class=\"elementor-column elementor-col-50 elementor-top-column elementor-element elementor-element-1d142a38\" data-id=\"1d142a38\" data-element_type=\"column\" data-e-type=\"column\">\n\t\t\t<div class=\"elementor-widget-wrap elementor-element-populated\">\n\t\t\t\t\t\t<div class=\"elementor-element elementor-element-4e3b9cb7 elementor-widget elementor-widget-heading\" data-id=\"4e3b9cb7\" data-element_type=\"widget\" data-e-type=\"widget\" data-widget_type=\"heading.default\">\n\t\t\t\t<div class=\"elementor-widget-container\">\n\t\t\t\t\t<h2 class=\"elementor-heading-title elementor-size-default\">Ideales para grupos m\u00e9dicos con especialidades en:\n<\/h2>\t\t\t\t<\/div>\n\t\t\t\t<\/div>\n\t\t\t\t<div class=\"elementor-element elementor-element-7aacf68b elementor-widget elementor-widget-text-editor\" data-id=\"7aacf68b\" data-element_type=\"widget\" data-e-type=\"widget\" data-widget_type=\"text-editor.default\">\n\t\t\t\t<div class=\"elementor-widget-container\">\n\t\t\t\t\t\t\t\t\t<span style=\"color: #000000; font-family: 'Open Sans', Arial, sans-serif; font-size: 14px; font-style: normal; font-variant-ligatures: normal; font-variant-caps: normal; font-weight: 400; text-align: justify; background-color: #ffffff;\"><li>Cirug\u00eda pl\u00e1stica y cosm\u00e9tica\n<li>Otorrinolaringolog\u00eda\n<li>Ortopedia\n<li>Urolog\u00eda\n<li>M\u00e9dicos generales\n \n<br><br>Se entrega en obra gris.\nIncluye servicio de Wifi y limpieza.<\/span>\t\t\t\t\t\t\t\t<\/div>\n\t\t\t\t<\/div>\n\t\t\t\t\t<\/div>\n\t\t<\/div>\n\t\t\t\t\t<\/div>\n\t\t<\/section>\n\t\t\t\t<section class=\"elementor-section elementor-top-section elementor-element elementor-element-3212085 elementor-section-boxed elementor-section-height-default elementor-section-height-default wpr-particle-no wpr-jarallax-no wpr-parallax-no wpr-sticky-section-no wpr-equal-height-no\" data-id=\"3212085\" data-element_type=\"section\" data-e-type=\"section\" data-settings=\"{&quot;background_background&quot;:&quot;classic&quot;}\">\n\t\t\t\t\t\t<div class=\"elementor-container elementor-column-gap-default\">\n\t\t\t\t\t<div class=\"elementor-column elementor-col-100 elementor-top-column elementor-element elementor-element-728ddcc7\" data-id=\"728ddcc7\" data-element_type=\"column\" data-e-type=\"column\">\n\t\t\t<div class=\"elementor-widget-wrap elementor-element-populated\">\n\t\t\t\t\t\t<div class=\"elementor-element elementor-element-5f2fdb9b elementor-widget elementor-widget-heading\" data-id=\"5f2fdb9b\" data-element_type=\"widget\" data-e-type=\"widget\" data-widget_type=\"heading.default\">\n\t\t\t\t<div class=\"elementor-widget-container\">\n\t\t\t\t\t<h2 class=\"elementor-heading-title elementor-size-default\">Galer\u00eda<\/h2>\t\t\t\t<\/div>\n\t\t\t\t<\/div>\n\t\t\t\t<div class=\"elementor-element elementor-element-6a5fc83 elementor-widget elementor-widget-image-gallery\" data-id=\"6a5fc83\" data-element_type=\"widget\" data-e-type=\"widget\" data-widget_type=\"image-gallery.default\">\n\t\t\t\t<div class=\"elementor-widget-container\">\n\t\t\t\t\t\t\t<div class=\"elementor-image-gallery\">\n\t\t\t<div id='gallery-1' class='gallery galleryid-1310 gallery-columns-3 gallery-size-medium'><figure class='gallery-item'>\n\t\t\t<div class='gallery-icon landscape'>\n\t\t\t\t<a data-elementor-open-lightbox=\"yes\" data-elementor-lightbox-slideshow=\"6a5fc83\" data-elementor-lightbox-title=\"reecepcio\u0301n-edificio\" data-e-action-hash=\"#elementor-action%3Aaction%3Dlightbox%26settings%3DeyJpZCI6MTM1NSwidXJsIjoiaHR0cHM6XC9cL3Byb2Z1c2FtZWRpY2EuY29tXC93cC1jb250ZW50XC91cGxvYWRzXC8yMDI0XC8wMlwvcmVlY2VwY2lvbi1lZGlmaWNpby5qcGciLCJzbGlkZXNob3ciOiI2YTVmYzgzIn0%3D\" href='https:\/\/profusamedica.com\/wp-content\/uploads\/2024\/02\/reecepcion-edificio.jpg'><img decoding=\"async\" width=\"300\" height=\"169\" src=\"https:\/\/profusamedica.com\/wp-content\/uploads\/2024\/02\/reecepcion-edificio-300x169.jpg\" class=\"attachment-medium size-medium\" alt=\"\" srcset=\"https:\/\/profusamedica.com\/wp-content\/uploads\/2024\/02\/reecepcion-edificio-300x169.jpg 300w, https:\/\/profusamedica.com\/wp-content\/uploads\/2024\/02\/reecepcion-edificio-1024x576.jpg 1024w, https:\/\/profusamedica.com\/wp-content\/uploads\/2024\/02\/reecepcion-edificio-768x432.jpg 768w, https:\/\/profusamedica.com\/wp-content\/uploads\/2024\/02\/reecepcion-edificio.jpg 1200w\" sizes=\"(max-width: 300px) 100vw, 300px\" \/><\/a>\n\t\t\t<\/div><\/figure><figure class='gallery-item'>\n\t\t\t<div class='gallery-icon portrait'>\n\t\t\t\t<a data-elementor-open-lightbox=\"yes\" data-elementor-lightbox-slideshow=\"6a5fc83\" data-elementor-lightbox-title=\"PB-125-01\" data-e-action-hash=\"#elementor-action%3Aaction%3Dlightbox%26settings%3DeyJpZCI6MTM1MiwidXJsIjoiaHR0cHM6XC9cL3Byb2Z1c2FtZWRpY2EuY29tXC93cC1jb250ZW50XC91cGxvYWRzXC8yMDI0XC8wMlwvUEItMTI1LTAxLmpwZyIsInNsaWRlc2hvdyI6IjZhNWZjODMifQ%3D%3D\" href='https:\/\/profusamedica.com\/wp-content\/uploads\/2024\/02\/PB-125-01.jpg'><img decoding=\"async\" width=\"169\" height=\"300\" src=\"https:\/\/profusamedica.com\/wp-content\/uploads\/2024\/02\/PB-125-01-169x300.jpg\" class=\"attachment-medium size-medium\" alt=\"\" srcset=\"https:\/\/profusamedica.com\/wp-content\/uploads\/2024\/02\/PB-125-01-169x300.jpg 169w, https:\/\/profusamedica.com\/wp-content\/uploads\/2024\/02\/PB-125-01-576x1024.jpg 576w, https:\/\/profusamedica.com\/wp-content\/uploads\/2024\/02\/PB-125-01.jpg 675w\" sizes=\"(max-width: 169px) 100vw, 169px\" \/><\/a>\n\t\t\t<\/div><\/figure><figure class='gallery-item'>\n\t\t\t<div class='gallery-icon landscape'>\n\t\t\t\t<a data-elementor-open-lightbox=\"yes\" data-elementor-lightbox-slideshow=\"6a5fc83\" data-elementor-lightbox-title=\"P1-02\" data-e-action-hash=\"#elementor-action%3Aaction%3Dlightbox%26settings%3DeyJpZCI6MTM0NCwidXJsIjoiaHR0cHM6XC9cL3Byb2Z1c2FtZWRpY2EuY29tXC93cC1jb250ZW50XC91cGxvYWRzXC8yMDI0XC8wMlwvUDEtMDIuanBnIiwic2xpZGVzaG93IjoiNmE1ZmM4MyJ9\" href='https:\/\/profusamedica.com\/wp-content\/uploads\/2024\/02\/P1-02.jpg'><img loading=\"lazy\" decoding=\"async\" width=\"300\" height=\"169\" src=\"https:\/\/profusamedica.com\/wp-content\/uploads\/2024\/02\/P1-02-300x169.jpg\" class=\"attachment-medium size-medium\" alt=\"\" srcset=\"https:\/\/profusamedica.com\/wp-content\/uploads\/2024\/02\/P1-02-300x169.jpg 300w, https:\/\/profusamedica.com\/wp-content\/uploads\/2024\/02\/P1-02-1024x576.jpg 1024w, https:\/\/profusamedica.com\/wp-content\/uploads\/2024\/02\/P1-02-768x432.jpg 768w, https:\/\/profusamedica.com\/wp-content\/uploads\/2024\/02\/P1-02.jpg 1280w\" sizes=\"(max-width: 300px) 100vw, 300px\" \/><\/a>\n\t\t\t<\/div><\/figure><figure class='gallery-item'>\n\t\t\t<div class='gallery-icon landscape'>\n\t\t\t\t<a data-elementor-open-lightbox=\"yes\" data-elementor-lightbox-slideshow=\"6a5fc83\" data-elementor-lightbox-title=\"P2.01\" data-e-action-hash=\"#elementor-action%3Aaction%3Dlightbox%26settings%3DeyJpZCI6MTM0NiwidXJsIjoiaHR0cHM6XC9cL3Byb2Z1c2FtZWRpY2EuY29tXC93cC1jb250ZW50XC91cGxvYWRzXC8yMDI0XC8wMlwvUDIuMDEuanBnIiwic2xpZGVzaG93IjoiNmE1ZmM4MyJ9\" href='https:\/\/profusamedica.com\/wp-content\/uploads\/2024\/02\/P2.01.jpg'><img loading=\"lazy\" decoding=\"async\" width=\"300\" height=\"225\" src=\"https:\/\/profusamedica.com\/wp-content\/uploads\/2024\/02\/P2.01-300x225.jpg\" class=\"attachment-medium size-medium\" alt=\"\" srcset=\"https:\/\/profusamedica.com\/wp-content\/uploads\/2024\/02\/P2.01-300x225.jpg 300w, https:\/\/profusamedica.com\/wp-content\/uploads\/2024\/02\/P2.01-1024x768.jpg 1024w, https:\/\/profusamedica.com\/wp-content\/uploads\/2024\/02\/P2.01-768x576.jpg 768w, https:\/\/profusamedica.com\/wp-content\/uploads\/2024\/02\/P2.01-1536x1152.jpg 1536w, https:\/\/profusamedica.com\/wp-content\/uploads\/2024\/02\/P2.01.jpg 1600w\" sizes=\"(max-width: 300px) 100vw, 300px\" \/><\/a>\n\t\t\t<\/div><\/figure><figure class='gallery-item'>\n\t\t\t<div class='gallery-icon landscape'>\n\t\t\t\t<a data-elementor-open-lightbox=\"yes\" data-elementor-lightbox-slideshow=\"6a5fc83\" data-elementor-lightbox-title=\"P5-03\" data-e-action-hash=\"#elementor-action%3Aaction%3Dlightbox%26settings%3DeyJpZCI6MTM1MSwidXJsIjoiaHR0cHM6XC9cL3Byb2Z1c2FtZWRpY2EuY29tXC93cC1jb250ZW50XC91cGxvYWRzXC8yMDI0XC8wMlwvUDUtMDMuanBnIiwic2xpZGVzaG93IjoiNmE1ZmM4MyJ9\" href='https:\/\/profusamedica.com\/wp-content\/uploads\/2024\/02\/P5-03.jpg'><img loading=\"lazy\" decoding=\"async\" width=\"300\" height=\"225\" src=\"https:\/\/profusamedica.com\/wp-content\/uploads\/2024\/02\/P5-03-300x225.jpg\" class=\"attachment-medium size-medium\" alt=\"\" srcset=\"https:\/\/profusamedica.com\/wp-content\/uploads\/2024\/02\/P5-03-300x225.jpg 300w, https:\/\/profusamedica.com\/wp-content\/uploads\/2024\/02\/P5-03-1024x768.jpg 1024w, https:\/\/profusamedica.com\/wp-content\/uploads\/2024\/02\/P5-03-768x576.jpg 768w, https:\/\/profusamedica.com\/wp-content\/uploads\/2024\/02\/P5-03.jpg 1200w\" sizes=\"(max-width: 300px) 100vw, 300px\" \/><\/a>\n\t\t\t<\/div><\/figure><figure class='gallery-item'>\n\t\t\t<div class='gallery-icon landscape'>\n\t\t\t\t<a data-elementor-open-lightbox=\"yes\" data-elementor-lightbox-slideshow=\"6a5fc83\" data-elementor-lightbox-title=\"P4-02\" data-e-action-hash=\"#elementor-action%3Aaction%3Dlightbox%26settings%3DeyJpZCI6MTM0OCwidXJsIjoiaHR0cHM6XC9cL3Byb2Z1c2FtZWRpY2EuY29tXC93cC1jb250ZW50XC91cGxvYWRzXC8yMDI0XC8wMlwvUDQtMDIuanBnIiwic2xpZGVzaG93IjoiNmE1ZmM4MyJ9\" href='https:\/\/profusamedica.com\/wp-content\/uploads\/2024\/02\/P4-02.jpg'><img loading=\"lazy\" decoding=\"async\" width=\"300\" height=\"225\" src=\"https:\/\/profusamedica.com\/wp-content\/uploads\/2024\/02\/P4-02-300x225.jpg\" class=\"attachment-medium size-medium\" alt=\"\" srcset=\"https:\/\/profusamedica.com\/wp-content\/uploads\/2024\/02\/P4-02-300x225.jpg 300w, https:\/\/profusamedica.com\/wp-content\/uploads\/2024\/02\/P4-02-1024x768.jpg 1024w, https:\/\/profusamedica.com\/wp-content\/uploads\/2024\/02\/P4-02-768x576.jpg 768w, https:\/\/profusamedica.com\/wp-content\/uploads\/2024\/02\/P4-02.jpg 1200w\" sizes=\"(max-width: 300px) 100vw, 300px\" \/><\/a>\n\t\t\t<\/div><\/figure><figure class='gallery-item'>\n\t\t\t<div class='gallery-icon landscape'>\n\t\t\t\t<a data-elementor-open-lightbox=\"yes\" data-elementor-lightbox-slideshow=\"6a5fc83\" data-elementor-lightbox-title=\"P5-01\" data-e-action-hash=\"#elementor-action%3Aaction%3Dlightbox%26settings%3DeyJpZCI6MTM0OSwidXJsIjoiaHR0cHM6XC9cL3Byb2Z1c2FtZWRpY2EuY29tXC93cC1jb250ZW50XC91cGxvYWRzXC8yMDI0XC8wMlwvUDUtMDEuanBnIiwic2xpZGVzaG93IjoiNmE1ZmM4MyJ9\" href='https:\/\/profusamedica.com\/wp-content\/uploads\/2024\/02\/P5-01.jpg'><img loading=\"lazy\" decoding=\"async\" width=\"300\" height=\"225\" src=\"https:\/\/profusamedica.com\/wp-content\/uploads\/2024\/02\/P5-01-300x225.jpg\" class=\"attachment-medium size-medium\" alt=\"\" srcset=\"https:\/\/profusamedica.com\/wp-content\/uploads\/2024\/02\/P5-01-300x225.jpg 300w, https:\/\/profusamedica.com\/wp-content\/uploads\/2024\/02\/P5-01-1024x768.jpg 1024w, https:\/\/profusamedica.com\/wp-content\/uploads\/2024\/02\/P5-01-768x576.jpg 768w, https:\/\/profusamedica.com\/wp-content\/uploads\/2024\/02\/P5-01.jpg 1200w\" sizes=\"(max-width: 300px) 100vw, 300px\" \/><\/a>\n\t\t\t<\/div><\/figure>\n\t\t<\/div>\n\t\t<\/div>\n\t\t\t\t\t\t<\/div>\n\t\t\t\t<\/div>\n\t\t\t\t\t<\/div>\n\t\t<\/div>\n\t\t\t\t\t<\/div>\n\t\t<\/section>\n\t\t\t\t<\/div>\n\t\t","protected":false},"excerpt":{"rendered":"<p>Cl\u00ednicas para grupos m\u00e9dicos desde 125 m2 Ideales para grupos m\u00e9dicos con especialidades en: Cirug\u00eda pl\u00e1stica y cosm\u00e9tica Otorrinolaringolog\u00eda Ortopedia Urolog\u00eda M\u00e9dicos generales Se entrega en obra gris. Incluye servicio de Wifi y limpieza. Galer\u00eda<\/p>\n","protected":false},"author":2,"featured_media":0,"parent":0,"menu_order":0,"comment_status":"closed","ping_status":"closed","template":"elementor_canvas","meta":{"footnotes":""},"class_list":["post-1310","page","type-page","status-publish","hentry"],"_links":{"self":[{"href":"https:\/\/profusamedica.com\/index.php?rest_route=\/wp\/v2\/pages\/1310","targetHints":{"allow":["GET"]}}],"collection":[{"href":"https:\/\/profusamedica.com\/index.php?rest_route=\/wp\/v2\/pages"}],"about":[{"href":"https:\/\/profusamedica.com\/index.php?rest_route=\/wp\/v2\/types\/page"}],"author":[{"embeddable":true,"href":"https:\/\/profusamedica.com\/index.php?rest_route=\/wp\/v2\/users\/2"}],"replies":[{"embeddable":true,"href":"https:\/\/profusamedica.com\/index.php?rest_route=%2Fwp%2Fv2%2Fcomments&post=1310"}],"version-history":[{"count":12,"href":"https:\/\/profusamedica.com\/index.php?rest_route=\/wp\/v2\/pages\/1310\/revisions"}],"predecessor-version":[{"id":1365,"href":"https:\/\/profusamedica.com\/index.php?rest_route=\/wp\/v2\/pages\/1310\/revisions\/1365"}],"wp:attachment":[{"href":"https:\/\/profusamedica.com\/index.php?rest_route=%2Fwp%2Fv2%2Fmedia&parent=1310"}],"curies":[{"name":"wp","href":"https:\/\/api.w.org\/{rel}","templated":true}]}}